{"id":8,"date":"2015-09-12T21:12:59","date_gmt":"2015-09-12T21:12:59","guid":{"rendered":"http:\/\/teccoffee.com.br\/portal\/?page_id=8"},"modified":"2015-12-22T19:12:19","modified_gmt":"2015-12-22T19:12:19","slug":"coffee-experts","status":"publish","type":"page","link":"http:\/\/teccoffee.com.br\/portal\/coffee-experts\/","title":{"rendered":"Coffee Experts"},"content":{"rendered":"<table border=\"0\" width=\"100%\">\n<tbody>\n<tr valign=\"middle\">\n<td width=\"220\">\n<h4 style=\"text-align: left;\"><img loading=\"lazy\" decoding=\"async\" class=\" size-full wp-image-80 alignnone\" src=\"http:\/\/teccoffee.com.br\/portal\/wp-content\/uploads\/2015\/09\/Coffee-Expert-1.jpg\" alt=\"Coffee Expert 1\" width=\"252\" height=\"200\" \/><\/h4>\n<p><img loading=\"lazy\" decoding=\"async\" class=\"alignnone size-full wp-image-83\" src=\"http:\/\/teccoffee.com.br\/portal\/wp-content\/uploads\/2015\/09\/Coffee-Expert-2.jpg\" alt=\"Coffee Expert 2\" width=\"225\" height=\"224\" srcset=\"http:\/\/teccoffee.com.br\/portal\/wp-content\/uploads\/2015\/09\/Coffee-Expert-2.jpg 225w, http:\/\/teccoffee.com.br\/portal\/wp-content\/uploads\/2015\/09\/Coffee-Expert-2-150x150.jpg 150w\" sizes=\"auto, (max-width: 225px) 100vw, 225px\" \/><\/p>\n<p>&nbsp;<\/p>\n<p>&nbsp;<\/td>\n<td style=\"text-align: justify;\">Oferecemos solu\u00e7\u00f5es para a opera\u00e7\u00e3o de cafeterias in House com equipamentos profissionais, treinamento de Baristas, cursos de Latte arte dentre outros. A Teccoffe \u00e9 distribuidora exclusiva do CAF\u00c9 \u00cdSOLE, produto de origem controlada (DOC \u2013 Denomina\u00e7\u00e3o de Origem Controlada) do Cerrado Mineiro. Caf\u00e9 de excelente qualidade com notas de Chocolate, Toffee e caramelo, produzindo uma bebida equilibrada e com acentuado \u201cafter taste\u201d, ou seja, aquele sabor que permanece nas papilas gustativas trazendo uma lembran\u00e7a de sabor intenso.&nbsp;<\/p>\n<p>&nbsp;<\/p>\n<p><img loading=\"lazy\" decoding=\"async\" class=\"aligncenter  wp-image-86\" src=\"http:\/\/teccoffee.com.br\/portal\/wp-content\/uploads\/2015\/09\/Coffee-Expert-3-300x97.jpg\" alt=\"Coffee Expert 3\" width=\"198\" height=\"64\" srcset=\"http:\/\/teccoffee.com.br\/portal\/wp-content\/uploads\/2015\/09\/Coffee-Expert-3-300x97.jpg 300w, http:\/\/teccoffee.com.br\/portal\/wp-content\/uploads\/2015\/09\/Coffee-Expert-3.jpg 394w\" sizes=\"auto, (max-width: 198px) 100vw, 198px\" \/><\/td>\n<\/tr>\n<\/tbody>\n<\/table>\n","protected":false},"excerpt":{"rendered":"<p>&nbsp; &nbsp; Oferecemos solu\u00e7\u00f5es para a opera\u00e7\u00e3o de cafeterias in House com equipamentos profissionais, treinamento de Baristas, cursos de Latte arte dentre outros. A Teccoffe \u00e9 distribuidora exclusiva do CAF\u00c9 \u00cdSOLE, produto de origem controlada (DOC \u2013 Denomina\u00e7\u00e3o de Origem Controlada) do Cerrado Mineiro. Caf\u00e9 de excelente qualidade com notas de Chocolate, Toffee e caramelo, [&hellip;]<\/p>\n","protected":false},"author":1,"featured_media":0,"parent":0,"menu_order":10,"comment_status":"open","ping_status":"open","template":"","meta":{"footnotes":""},"class_list":["post-8","page","type-page","status-publish","hentry"],"_links":{"self":[{"href":"http:\/\/teccoffee.com.br\/portal\/wp-json\/wp\/v2\/pages\/8","targetHints":{"allow":["GET"]}}],"collection":[{"href":"http:\/\/teccoffee.com.br\/portal\/wp-json\/wp\/v2\/pages"}],"about":[{"href":"http:\/\/teccoffee.com.br\/portal\/wp-json\/wp\/v2\/types\/page"}],"author":[{"embeddable":true,"href":"http:\/\/teccoffee.com.br\/portal\/wp-json\/wp\/v2\/users\/1"}],"replies":[{"embeddable":true,"href":"http:\/\/teccoffee.com.br\/portal\/wp-json\/wp\/v2\/comments?post=8"}],"version-history":[{"count":24,"href":"http:\/\/teccoffee.com.br\/portal\/wp-json\/wp\/v2\/pages\/8\/revisions"}],"predecessor-version":[{"id":289,"href":"http:\/\/teccoffee.com.br\/portal\/wp-json\/wp\/v2\/pages\/8\/revisions\/289"}],"wp:attachment":[{"href":"http:\/\/teccoffee.com.br\/portal\/wp-json\/wp\/v2\/media?parent=8"}],"curies":[{"name":"wp","href":"https:\/\/api.w.org\/{rel}","templated":true}]}}