{"id":6,"date":"2015-09-12T21:11:35","date_gmt":"2015-09-12T21:11:35","guid":{"rendered":"http:\/\/teccoffee.com.br\/portal\/?page_id=6"},"modified":"2015-12-19T23:22:49","modified_gmt":"2015-12-19T23:22:49","slug":"home","status":"publish","type":"page","link":"http:\/\/teccoffee.com.br\/portal\/","title":{"rendered":"Home"},"content":{"rendered":"<h4 style=\"text-align: center;\">Teccoffee<\/h4>\n<h4 style=\"text-align: center;\"><span style=\"color: #e64929;\">Tecnologia em caf\u00e9s<\/span><\/h4>\n<table border=\"0\" width=\"100%\">\n<tbody>\n<tr>\n<td width=\"50%\">\u00a0<img loading=\"lazy\" decoding=\"async\" class=\"aligncenter wp-image-172 \" src=\"http:\/\/teccoffee.com.br\/portal\/wp-content\/uploads\/2015\/09\/banner_cafe2-300x134.png\" alt=\"banner_cafe2\" width=\"347\" height=\"155\" srcset=\"http:\/\/teccoffee.com.br\/portal\/wp-content\/uploads\/2015\/09\/banner_cafe2-300x134.png 300w, http:\/\/teccoffee.com.br\/portal\/wp-content\/uploads\/2015\/09\/banner_cafe2.png 714w\" sizes=\"auto, (max-width: 347px) 100vw, 347px\" \/><\/td>\n<td style=\"text-align: justify;\" width=\"50%\">No segmento de m\u00e1quinas de autoatendimento (Vending Machines), trabalhamos com modelos de alta performance da marca PHILIPS\/SAECO, garantindo maior per\u00edodo de disponibilidade de servi\u00e7o, qualidade no preparo final da bebida e alto \u00edndice de aceita\u00e7\u00e3o pelos consumidores. S\u00e3o diversos modelos de m\u00e1quinas, permitindo a combina\u00e7\u00e3o de custo\/performance e volume de atendimento de forma a proporcionar uma opera\u00e7\u00e3o customizada para cada cliente.<\/p>\n<p><strong>Nossa loja est\u00e1 exclusivamente autorizada\u00a0na regi\u00e3o para atender a marca PHILIPS\/SAECO com venda e manuten\u00e7\u00e3o.<\/strong><\/td>\n<\/tr>\n<\/tbody>\n<\/table>\n<p>&nbsp;<\/p>\n<table border=\"0\" width=\"100%\">\n<tbody>\n<tr>\n<td width=\"50%\">\u00a0<img loading=\"lazy\" decoding=\"async\" class=\"aligncenter  wp-image-48\" src=\"http:\/\/teccoffee.com.br\/portal\/wp-content\/uploads\/2015\/09\/Saeco.jpg\" alt=\"Saeco\" width=\"225\" height=\"80\" \/><\/td>\n<td width=\"50%\">\u00a0<img loading=\"lazy\" decoding=\"async\" class=\"aligncenter  wp-image-86\" src=\"http:\/\/teccoffee.com.br\/portal\/wp-content\/uploads\/2015\/09\/Coffee-Expert-3-300x97.jpg\" alt=\"Coffee Expert 3\" width=\"220\" height=\"71\" srcset=\"http:\/\/teccoffee.com.br\/portal\/wp-content\/uploads\/2015\/09\/Coffee-Expert-3-300x97.jpg 300w, http:\/\/teccoffee.com.br\/portal\/wp-content\/uploads\/2015\/09\/Coffee-Expert-3.jpg 394w\" sizes=\"auto, (max-width: 220px) 100vw, 220px\" \/><\/td>\n<\/tr>\n<\/tbody>\n<\/table>\n","protected":false},"excerpt":{"rendered":"<p>Teccoffee Tecnologia em caf\u00e9s \u00a0 No segmento de m\u00e1quinas de autoatendimento (Vending Machines), trabalhamos com modelos de alta performance da marca PHILIPS\/SAECO, garantindo maior per\u00edodo de disponibilidade de servi\u00e7o, qualidade no preparo final da bebida e alto \u00edndice de aceita\u00e7\u00e3o pelos consumidores. S\u00e3o diversos modelos de m\u00e1quinas, permitindo a combina\u00e7\u00e3o de custo\/performance e volume de [&hellip;]<\/p>\n","protected":false},"author":1,"featured_media":0,"parent":0,"menu_order":0,"comment_status":"open","ping_status":"open","template":"","meta":{"footnotes":""},"class_list":["post-6","page","type-page","status-publish","hentry"],"_links":{"self":[{"href":"http:\/\/teccoffee.com.br\/portal\/wp-json\/wp\/v2\/pages\/6","targetHints":{"allow":["GET"]}}],"collection":[{"href":"http:\/\/teccoffee.com.br\/portal\/wp-json\/wp\/v2\/pages"}],"about":[{"href":"http:\/\/teccoffee.com.br\/portal\/wp-json\/wp\/v2\/types\/page"}],"author":[{"embeddable":true,"href":"http:\/\/teccoffee.com.br\/portal\/wp-json\/wp\/v2\/users\/1"}],"replies":[{"embeddable":true,"href":"http:\/\/teccoffee.com.br\/portal\/wp-json\/wp\/v2\/comments?post=6"}],"version-history":[{"count":11,"href":"http:\/\/teccoffee.com.br\/portal\/wp-json\/wp\/v2\/pages\/6\/revisions"}],"predecessor-version":[{"id":292,"href":"http:\/\/teccoffee.com.br\/portal\/wp-json\/wp\/v2\/pages\/6\/revisions\/292"}],"wp:attachment":[{"href":"http:\/\/teccoffee.com.br\/portal\/wp-json\/wp\/v2\/media?parent=6"}],"curies":[{"name":"wp","href":"https:\/\/api.w.org\/{rel}","templated":true}]}}