{"id":33,"date":"2015-09-12T21:31:12","date_gmt":"2015-09-12T21:31:12","guid":{"rendered":"http:\/\/teccoffee.com.br\/portal\/?page_id=33"},"modified":"2020-06-09T01:12:47","modified_gmt":"2020-06-09T01:12:47","slug":"contato","status":"publish","type":"page","link":"http:\/\/teccoffee.com.br\/portal\/contato\/","title":{"rendered":"Contato"},"content":{"rendered":"<p>Obtenha a melhor solu\u00e7\u00e3o para o seus servi\u00e7os de caf\u00e9s. Fa\u00e7a-nos uma visita ou preencha o formul\u00e1rio de contato abaixo e nossos consultores lhe indicar\u00e3o a melhor alternativa para a sua empresa.<\/p>\n<p>[gravityform id=&#8221;1&#8243; name=&#8221;Contato&#8221; title=&#8221;false&#8221; description=&#8221;false&#8221;]<\/p>\n","protected":false},"excerpt":{"rendered":"<p>Obtenha a melhor solu\u00e7\u00e3o para o seus servi\u00e7os de caf\u00e9s. Fa\u00e7a-nos uma visita ou preencha o formul\u00e1rio de contato abaixo e nossos consultores lhe indicar\u00e3o a melhor alternativa para a sua empresa. [gravityform id=&#8221;1&#8243; name=&#8221;Contato&#8221; title=&#8221;false&#8221; description=&#8221;false&#8221;]<\/p>\n","protected":false},"author":1,"featured_media":0,"parent":0,"menu_order":70,"comment_status":"open","ping_status":"open","template":"","meta":{"footnotes":""},"class_list":["post-33","page","type-page","status-publish","hentry"],"_links":{"self":[{"href":"http:\/\/teccoffee.com.br\/portal\/wp-json\/wp\/v2\/pages\/33","targetHints":{"allow":["GET"]}}],"collection":[{"href":"http:\/\/teccoffee.com.br\/portal\/wp-json\/wp\/v2\/pages"}],"about":[{"href":"http:\/\/teccoffee.com.br\/portal\/wp-json\/wp\/v2\/types\/page"}],"author":[{"embeddable":true,"href":"http:\/\/teccoffee.com.br\/portal\/wp-json\/wp\/v2\/users\/1"}],"replies":[{"embeddable":true,"href":"http:\/\/teccoffee.com.br\/portal\/wp-json\/wp\/v2\/comments?post=33"}],"version-history":[{"count":7,"href":"http:\/\/teccoffee.com.br\/portal\/wp-json\/wp\/v2\/pages\/33\/revisions"}],"predecessor-version":[{"id":298,"href":"http:\/\/teccoffee.com.br\/portal\/wp-json\/wp\/v2\/pages\/33\/revisions\/298"}],"wp:attachment":[{"href":"http:\/\/teccoffee.com.br\/portal\/wp-json\/wp\/v2\/media?parent=33"}],"curies":[{"name":"wp","href":"https:\/\/api.w.org\/{rel}","templated":true}]}}