{"id":26,"date":"2015-09-12T21:29:25","date_gmt":"2015-09-12T21:29:25","guid":{"rendered":"http:\/\/teccoffee.com.br\/portal\/?page_id=26"},"modified":"2015-12-19T23:12:06","modified_gmt":"2015-12-19T23:12:06","slug":"insumos","status":"publish","type":"page","link":"http:\/\/teccoffee.com.br\/portal\/produtos\/insumos\/","title":{"rendered":"Insumos"},"content":{"rendered":"\n\t\t<style type=\"text\/css\">\n\t\t\t#gallery-1 {\n\t\t\t\tmargin: auto;\n\t\t\t}\n\t\t\t#gallery-1 .gallery-item {\n\t\t\t\tfloat: left;\n\t\t\t\tmargin-top: 10px;\n\t\t\t\ttext-align: center;\n\t\t\t\twidth: 33%;\n\t\t\t}\n\t\t\t#gallery-1 img {\n\t\t\t\tborder: 2px solid #cfcfcf;\n\t\t\t}\n\t\t\t#gallery-1 .gallery-caption {\n\t\t\t\tmargin-left: 0;\n\t\t\t}\n\t\t\t\/* see gallery_shortcode() in wp-includes\/media.php *\/\n\t\t<\/style>\n\t\t<div id='gallery-1' class='gallery galleryid-26 gallery-columns-3 gallery-size-thumbnail'><dl class='gallery-item'>\n\t\t\t<dt class='gallery-icon landscape'>\n\t\t\t\t<a href='http:\/\/teccoffee.com.br\/portal\/wp-content\/uploads\/2015\/09\/Insumos-1.jpg'><img loading=\"lazy\" decoding=\"async\" width=\"150\" height=\"150\" src=\"http:\/\/teccoffee.com.br\/portal\/wp-content\/uploads\/2015\/09\/Insumos-1-150x150.jpg\" class=\"attachment-thumbnail size-thumbnail\" alt=\"Preparo s\u00f3lido para ch\u00e1s sabor lim\u00e3o\" aria-describedby=\"gallery-1-100\" srcset=\"http:\/\/teccoffee.com.br\/portal\/wp-content\/uploads\/2015\/09\/Insumos-1-150x150.jpg 150w, http:\/\/teccoffee.com.br\/portal\/wp-content\/uploads\/2015\/09\/Insumos-1-300x300.jpg 300w, http:\/\/teccoffee.com.br\/portal\/wp-content\/uploads\/2015\/09\/Insumos-1.jpg 800w\" sizes=\"auto, (max-width: 150px) 100vw, 150px\" \/><\/a>\n\t\t\t<\/dt>\n\t\t\t\t<dd class='wp-caption-text gallery-caption' id='gallery-1-100'>\n\t\t\t\tNestea Sabor Lim\u00e3o\n\t\t\t\t<\/dd><\/dl><dl class='gallery-item'>\n\t\t\t<dt class='gallery-icon landscape'>\n\t\t\t\t<a href='http:\/\/teccoffee.com.br\/portal\/wp-content\/uploads\/2015\/09\/bevaciocco.jpg'><img loading=\"lazy\" decoding=\"async\" width=\"150\" height=\"150\" src=\"http:\/\/teccoffee.com.br\/portal\/wp-content\/uploads\/2015\/09\/bevaciocco-150x150.jpg\" class=\"attachment-thumbnail size-thumbnail\" alt=\"Mistura em p\u00f3 para o preparo de bebidas sabor chocolate\" aria-describedby=\"gallery-1-263\" srcset=\"http:\/\/teccoffee.com.br\/portal\/wp-content\/uploads\/2015\/09\/bevaciocco-150x150.jpg 150w, http:\/\/teccoffee.com.br\/portal\/wp-content\/uploads\/2015\/09\/bevaciocco-300x300.jpg 300w, http:\/\/teccoffee.com.br\/portal\/wp-content\/uploads\/2015\/09\/bevaciocco.jpg 450w\" sizes=\"auto, (max-width: 150px) 100vw, 150px\" \/><\/a>\n\t\t\t<\/dt>\n\t\t\t\t<dd class='wp-caption-text gallery-caption' id='gallery-1-263'>\n\t\t\t\tChocolate Bevaciocco\n\t\t\t\t<\/dd><\/dl><dl class='gallery-item'>\n\t\t\t<dt class='gallery-icon portrait'>\n\t\t\t\t<a href='http:\/\/teccoffee.com.br\/portal\/wp-content\/uploads\/2015\/09\/Insumos-3.png'><img loading=\"lazy\" decoding=\"async\" width=\"150\" height=\"150\" src=\"http:\/\/teccoffee.com.br\/portal\/wp-content\/uploads\/2015\/09\/Insumos-3-150x150.png\" class=\"attachment-thumbnail size-thumbnail\" alt=\"Mistura em p\u00f3 para o preparo de bebidas sabor leite\" aria-describedby=\"gallery-1-101\" \/><\/a>\n\t\t\t<\/dt>\n\t\t\t\t<dd class='wp-caption-text gallery-caption' id='gallery-1-101'>\n\t\t\t\tLeite Bevalatte\n\t\t\t\t<\/dd><\/dl><br style=\"clear: both\" \/><dl class='gallery-item'>\n\t\t\t<dt class='gallery-icon landscape'>\n\t\t\t\t<a href='http:\/\/teccoffee.com.br\/portal\/wp-content\/uploads\/2015\/09\/bevaccino.jpg'><img loading=\"lazy\" decoding=\"async\" width=\"150\" height=\"150\" src=\"http:\/\/teccoffee.com.br\/portal\/wp-content\/uploads\/2015\/09\/bevaccino-150x150.jpg\" class=\"attachment-thumbnail size-thumbnail\" alt=\"\" aria-describedby=\"gallery-1-261\" srcset=\"http:\/\/teccoffee.com.br\/portal\/wp-content\/uploads\/2015\/09\/bevaccino-150x150.jpg 150w, http:\/\/teccoffee.com.br\/portal\/wp-content\/uploads\/2015\/09\/bevaccino-300x300.jpg 300w, http:\/\/teccoffee.com.br\/portal\/wp-content\/uploads\/2015\/09\/bevaccino.jpg 500w\" sizes=\"auto, (max-width: 150px) 100vw, 150px\" \/><\/a>\n\t\t\t<\/dt>\n\t\t\t\t<dd class='wp-caption-text gallery-caption' id='gallery-1-261'>\n\t\t\t\tCappuccino Bevaccino\n\t\t\t\t<\/dd><\/dl><dl class='gallery-item'>\n\t\t\t<dt class='gallery-icon portrait'>\n\t\t\t\t<a href='http:\/\/teccoffee.com.br\/portal\/wp-content\/uploads\/2015\/09\/sache-uni\u00e3o1.jpg'><img loading=\"lazy\" decoding=\"async\" width=\"150\" height=\"150\" src=\"http:\/\/teccoffee.com.br\/portal\/wp-content\/uploads\/2015\/09\/sache-uni\u00e3o1-150x150.jpg\" class=\"attachment-thumbnail size-thumbnail\" alt=\"A\u00e7\u00facar Uni\u00e3o org\u00e2nico em sach\u00ea\" aria-describedby=\"gallery-1-267\" \/><\/a>\n\t\t\t<\/dt>\n\t\t\t\t<dd class='wp-caption-text gallery-caption' id='gallery-1-267'>\n\t\t\t\tA\u00e7\u00facar Org\u00e2nico\n\t\t\t\t<\/dd><\/dl><dl class='gallery-item'>\n\t\t\t<dt class='gallery-icon portrait'>\n\t\t\t\t<a href='http:\/\/teccoffee.com.br\/portal\/wp-content\/uploads\/2015\/09\/palhetas.jpg'><img loading=\"lazy\" decoding=\"async\" width=\"150\" height=\"150\" src=\"http:\/\/teccoffee.com.br\/portal\/wp-content\/uploads\/2015\/09\/palhetas-150x150.jpg\" class=\"attachment-thumbnail size-thumbnail\" alt=\"Mexedores de caf\u00e9 Palheta Italiana\" aria-describedby=\"gallery-1-260\" \/><\/a>\n\t\t\t<\/dt>\n\t\t\t\t<dd class='wp-caption-text gallery-caption' id='gallery-1-260'>\n\t\t\t\tPalheta Italiana\n\t\t\t\t<\/dd><\/dl><br style=\"clear: both\" \/><dl class='gallery-item'>\n\t\t\t<dt class='gallery-icon landscape'>\n\t\t\t\t<a href='http:\/\/teccoffee.com.br\/portal\/wp-content\/uploads\/2015\/09\/copos-descartaveis.jpg'><img loading=\"lazy\" decoding=\"async\" width=\"150\" height=\"150\" src=\"http:\/\/teccoffee.com.br\/portal\/wp-content\/uploads\/2015\/09\/copos-descartaveis-150x150.jpg\" class=\"attachment-thumbnail size-thumbnail\" alt=\"Copo Descart\u00e1vel Dixie 160 ml.\" aria-describedby=\"gallery-1-265\" srcset=\"http:\/\/teccoffee.com.br\/portal\/wp-content\/uploads\/2015\/09\/copos-descartaveis-150x150.jpg 150w, http:\/\/teccoffee.com.br\/portal\/wp-content\/uploads\/2015\/09\/copos-descartaveis.jpg 225w\" sizes=\"auto, (max-width: 150px) 100vw, 150px\" \/><\/a>\n\t\t\t<\/dt>\n\t\t\t\t<dd class='wp-caption-text gallery-caption' id='gallery-1-265'>\n\t\t\t\tCopo Descart\u00e1vel \n\t\t\t\t<\/dd><\/dl>\n\t\t\t<br style='clear: both' \/>\n\t\t<\/div>\n\n","protected":false},"excerpt":{"rendered":"","protected":false},"author":1,"featured_media":0,"parent":13,"menu_order":60,"comment_status":"open","ping_status":"open","template":"","meta":{"footnotes":""},"class_list":["post-26","page","type-page","status-publish","hentry"],"_links":{"self":[{"href":"http:\/\/teccoffee.com.br\/portal\/wp-json\/wp\/v2\/pages\/26","targetHints":{"allow":["GET"]}}],"collection":[{"href":"http:\/\/teccoffee.com.br\/portal\/wp-json\/wp\/v2\/pages"}],"about":[{"href":"http:\/\/teccoffee.com.br\/portal\/wp-json\/wp\/v2\/types\/page"}],"author":[{"embeddable":true,"href":"http:\/\/teccoffee.com.br\/portal\/wp-json\/wp\/v2\/users\/1"}],"replies":[{"embeddable":true,"href":"http:\/\/teccoffee.com.br\/portal\/wp-json\/wp\/v2\/comments?post=26"}],"version-history":[{"count":25,"href":"http:\/\/teccoffee.com.br\/portal\/wp-json\/wp\/v2\/pages\/26\/revisions"}],"predecessor-version":[{"id":270,"href":"http:\/\/teccoffee.com.br\/portal\/wp-json\/wp\/v2\/pages\/26\/revisions\/270"}],"up":[{"embeddable":true,"href":"http:\/\/teccoffee.com.br\/portal\/wp-json\/wp\/v2\/pages\/13"}],"wp:attachment":[{"href":"http:\/\/teccoffee.com.br\/portal\/wp-json\/wp\/v2\/media?parent=26"}],"curies":[{"name":"wp","href":"https:\/\/api.w.org\/{rel}","templated":true}]}}