{"id":24,"date":"2015-09-12T21:28:55","date_gmt":"2015-09-12T21:28:55","guid":{"rendered":"http:\/\/teccoffee.com.br\/portal\/?page_id=24"},"modified":"2015-12-19T22:05:54","modified_gmt":"2015-12-19T22:05:54","slug":"linha-bialetti","status":"publish","type":"page","link":"http:\/\/teccoffee.com.br\/portal\/produtos\/linha-bialetti\/","title":{"rendered":"Linha Bialetti"},"content":{"rendered":"<h3 style=\"text-align: left;\"><\/h3>\n<table border=\"0\" width=\"100%\">\n<tbody>\n<tr>\n<td width=\"50%\">\n<h3 style=\"text-align: left;\"><img loading=\"lazy\" decoding=\"async\" class=\" size-full wp-image-131 aligncenter\" src=\"http:\/\/teccoffee.com.br\/portal\/wp-content\/uploads\/2015\/09\/Bialetti-1.jpg\" alt=\"Bialetti 1\" width=\"225\" height=\"225\" srcset=\"http:\/\/teccoffee.com.br\/portal\/wp-content\/uploads\/2015\/09\/Bialetti-1.jpg 225w, http:\/\/teccoffee.com.br\/portal\/wp-content\/uploads\/2015\/09\/Bialetti-1-150x150.jpg 150w\" sizes=\"auto, (max-width: 225px) 100vw, 225px\" \/><\/h3>\n<p>&nbsp;<\/td>\n<td width=\"50%\">\u00a0<img loading=\"lazy\" decoding=\"async\" class=\"aligncenter size-full wp-image-132\" src=\"http:\/\/teccoffee.com.br\/portal\/wp-content\/uploads\/2015\/09\/Bialetti-2.jpg\" alt=\"Bialetti 2\" width=\"225\" height=\"225\" srcset=\"http:\/\/teccoffee.com.br\/portal\/wp-content\/uploads\/2015\/09\/Bialetti-2.jpg 225w, http:\/\/teccoffee.com.br\/portal\/wp-content\/uploads\/2015\/09\/Bialetti-2-150x150.jpg 150w\" sizes=\"auto, (max-width: 225px) 100vw, 225px\" \/>Linha de cafeteiras italianas, produzidas em alum\u00ednio, as Bialettis podem ser utilizadas em qualquer fonte de calor para auxiliar no preparo de deliciosos ch\u00e1s e caf\u00e9s espressos. Al\u00e9m de ser resistente e garantir boa durabilidade, as Bialettis s\u00e3o f\u00e1ceis de serem manuseadas, revolucionando a forma de fazer caf\u00e9.<\/p>\n<p><img loading=\"lazy\" decoding=\"async\" class=\"aligncenter  wp-image-133\" src=\"http:\/\/teccoffee.com.br\/portal\/wp-content\/uploads\/2015\/09\/Bialetti-3-300x150.jpg\" alt=\"Bialetti 3\" width=\"256\" height=\"128\" srcset=\"http:\/\/teccoffee.com.br\/portal\/wp-content\/uploads\/2015\/09\/Bialetti-3-300x150.jpg 300w, http:\/\/teccoffee.com.br\/portal\/wp-content\/uploads\/2015\/09\/Bialetti-3.jpg 318w\" sizes=\"auto, (max-width: 256px) 100vw, 256px\" \/><\/td>\n<\/tr>\n<\/tbody>\n<\/table>\n","protected":false},"excerpt":{"rendered":"<p>&nbsp; \u00a0Linha de cafeteiras italianas, produzidas em alum\u00ednio, as Bialettis podem ser utilizadas em qualquer fonte de calor para auxiliar no preparo de deliciosos ch\u00e1s e caf\u00e9s espressos. Al\u00e9m de ser resistente e garantir boa durabilidade, as Bialettis s\u00e3o f\u00e1ceis de serem manuseadas, revolucionando a forma de fazer caf\u00e9.<\/p>\n","protected":false},"author":1,"featured_media":0,"parent":13,"menu_order":50,"comment_status":"open","ping_status":"open","template":"","meta":{"footnotes":""},"class_list":["post-24","page","type-page","status-publish","hentry"],"_links":{"self":[{"href":"http:\/\/teccoffee.com.br\/portal\/wp-json\/wp\/v2\/pages\/24","targetHints":{"allow":["GET"]}}],"collection":[{"href":"http:\/\/teccoffee.com.br\/portal\/wp-json\/wp\/v2\/pages"}],"about":[{"href":"http:\/\/teccoffee.com.br\/portal\/wp-json\/wp\/v2\/types\/page"}],"author":[{"embeddable":true,"href":"http:\/\/teccoffee.com.br\/portal\/wp-json\/wp\/v2\/users\/1"}],"replies":[{"embeddable":true,"href":"http:\/\/teccoffee.com.br\/portal\/wp-json\/wp\/v2\/comments?post=24"}],"version-history":[{"count":10,"href":"http:\/\/teccoffee.com.br\/portal\/wp-json\/wp\/v2\/pages\/24\/revisions"}],"predecessor-version":[{"id":259,"href":"http:\/\/teccoffee.com.br\/portal\/wp-json\/wp\/v2\/pages\/24\/revisions\/259"}],"up":[{"embeddable":true,"href":"http:\/\/teccoffee.com.br\/portal\/wp-json\/wp\/v2\/pages\/13"}],"wp:attachment":[{"href":"http:\/\/teccoffee.com.br\/portal\/wp-json\/wp\/v2\/media?parent=24"}],"curies":[{"name":"wp","href":"https:\/\/api.w.org\/{rel}","templated":true}]}}