{"id":22,"date":"2015-09-12T21:28:11","date_gmt":"2015-09-12T21:28:11","guid":{"rendered":"http:\/\/teccoffee.com.br\/portal\/?page_id=22"},"modified":"2015-10-17T17:51:13","modified_gmt":"2015-10-17T17:51:13","slug":"la-spaziale","status":"publish","type":"page","link":"http:\/\/teccoffee.com.br\/portal\/produtos\/la-spaziale\/","title":{"rendered":"La Spaziale"},"content":{"rendered":"<table border=\"0\" width=\"100%\">\n<tbody>\n<tr valign=\"middle\">\n<td width=\"220\">\n<h4 style=\"text-align: left;\"><img loading=\"lazy\" decoding=\"async\" class=\" size-full wp-image-80 alignnone\" src=\"http:\/\/teccoffee.com.br\/portal\/wp-content\/uploads\/2015\/09\/Coffee-Expert-1.jpg\" alt=\"Coffee Expert 1\" width=\"252\" height=\"200\" \/><\/h4>\n<p><img loading=\"lazy\" decoding=\"async\" class=\"alignnone size-full wp-image-83\" src=\"http:\/\/teccoffee.com.br\/portal\/wp-content\/uploads\/2015\/09\/Coffee-Expert-2.jpg\" alt=\"Coffee Expert 2\" width=\"225\" height=\"224\" srcset=\"http:\/\/teccoffee.com.br\/portal\/wp-content\/uploads\/2015\/09\/Coffee-Expert-2.jpg 225w, http:\/\/teccoffee.com.br\/portal\/wp-content\/uploads\/2015\/09\/Coffee-Expert-2-150x150.jpg 150w\" sizes=\"auto, (max-width: 225px) 100vw, 225px\" \/><\/p>\n<p>&nbsp;<\/p>\n<p><img loading=\"lazy\" decoding=\"async\" class=\"alignnone  wp-image-86\" src=\"http:\/\/teccoffee.com.br\/portal\/wp-content\/uploads\/2015\/09\/Coffee-Expert-3-300x97.jpg\" alt=\"Coffee Expert 3\" width=\"245\" height=\"79\" srcset=\"http:\/\/teccoffee.com.br\/portal\/wp-content\/uploads\/2015\/09\/Coffee-Expert-3-300x97.jpg 300w, http:\/\/teccoffee.com.br\/portal\/wp-content\/uploads\/2015\/09\/Coffee-Expert-3.jpg 394w\" sizes=\"auto, (max-width: 245px) 100vw, 245px\" \/><\/td>\n<td>Atuamos como Revendedor e Assit\u00eancia t\u00e9cnica autorizada para o Tri\u00e2ngulo Mineiro com os produtos LaSpaziale. M\u00e1quinas de \u00faltima gera\u00e7\u00e3o para atendimento em Cafeterias e lojas especializadas em Caf\u00e9s.Confira no site da LaSpaziale a extensa linha de produtos e nosso diferencial de tecnologia na Extra\u00e7\u00e3o do Espresso Perfeito.&nbsp;<\/p>\n<p>www.laspazialebr.com.br<\/td>\n<\/tr>\n<\/tbody>\n<\/table>\n<p>&nbsp;<\/p>\n","protected":false},"excerpt":{"rendered":"<p>&nbsp; Atuamos como Revendedor e Assit\u00eancia t\u00e9cnica autorizada para o Tri\u00e2ngulo Mineiro com os produtos LaSpaziale. M\u00e1quinas de \u00faltima gera\u00e7\u00e3o para atendimento em Cafeterias e lojas especializadas em Caf\u00e9s.Confira no site da LaSpaziale a extensa linha de produtos e nosso diferencial de tecnologia na Extra\u00e7\u00e3o do Espresso Perfeito.&nbsp; www.laspazialebr.com.br &nbsp;<\/p>\n","protected":false},"author":1,"featured_media":0,"parent":13,"menu_order":40,"comment_status":"open","ping_status":"open","template":"","meta":{"footnotes":""},"class_list":["post-22","page","type-page","status-publish","hentry"],"_links":{"self":[{"href":"http:\/\/teccoffee.com.br\/portal\/wp-json\/wp\/v2\/pages\/22","targetHints":{"allow":["GET"]}}],"collection":[{"href":"http:\/\/teccoffee.com.br\/portal\/wp-json\/wp\/v2\/pages"}],"about":[{"href":"http:\/\/teccoffee.com.br\/portal\/wp-json\/wp\/v2\/types\/page"}],"author":[{"embeddable":true,"href":"http:\/\/teccoffee.com.br\/portal\/wp-json\/wp\/v2\/users\/1"}],"replies":[{"embeddable":true,"href":"http:\/\/teccoffee.com.br\/portal\/wp-json\/wp\/v2\/comments?post=22"}],"version-history":[{"count":6,"href":"http:\/\/teccoffee.com.br\/portal\/wp-json\/wp\/v2\/pages\/22\/revisions"}],"predecessor-version":[{"id":241,"href":"http:\/\/teccoffee.com.br\/portal\/wp-json\/wp\/v2\/pages\/22\/revisions\/241"}],"up":[{"embeddable":true,"href":"http:\/\/teccoffee.com.br\/portal\/wp-json\/wp\/v2\/pages\/13"}],"wp:attachment":[{"href":"http:\/\/teccoffee.com.br\/portal\/wp-json\/wp\/v2\/media?parent=22"}],"curies":[{"name":"wp","href":"https:\/\/api.w.org\/{rel}","templated":true}]}}