{"id":15,"date":"2015-09-12T21:19:33","date_gmt":"2015-09-12T21:19:33","guid":{"rendered":"http:\/\/teccoffee.com.br\/portal\/?page_id=15"},"modified":"2022-09-16T22:14:12","modified_gmt":"2022-09-16T22:14:12","slug":"cafes-premium","status":"publish","type":"page","link":"http:\/\/teccoffee.com.br\/portal\/produtos\/cafes-premium\/","title":{"rendered":"Caf\u00e9s Premium"},"content":{"rendered":"<table border=\"0\" width=\"100%\">\n<tbody>\n<tr valign=\"middle\">\n<td width=\"220\"><\/td>\n<td>TECCOFFEE, produto de origem controlada (DOC \u2013 Denomina\u00e7\u00e3o de Origem Controlada) do Cerrado Mineiro. Caf\u00e9 100% Ar\u00e1bica, torra fresca de excelente qualidade, com notas de chocolate, toffee e caramelo, produzindo uma bebida equilibrada e com acentuado \u201cafter taste\u201d, ou seja, aquele sabor que permanece nas papilas gustativas trazendo uma lembran\u00e7a de sabor intenso. Os produtos s\u00e3o disponibilizados em embalagens de 2kg, garantindo maior praticidade de reposi\u00e7\u00e3o.<\/td>\n<\/tr>\n<\/tbody>\n<\/table>\n","protected":false},"excerpt":{"rendered":"<p>TECCOFFEE, produto de origem controlada (DOC \u2013 Denomina\u00e7\u00e3o de Origem Controlada) do Cerrado Mineiro. Caf\u00e9 100% Ar\u00e1bica, torra fresca de excelente qualidade, com notas de chocolate, toffee e caramelo, produzindo uma bebida equilibrada e com acentuado \u201cafter taste\u201d, ou seja, aquele sabor que permanece nas papilas gustativas trazendo uma lembran\u00e7a de sabor intenso. Os produtos [&hellip;]<\/p>\n","protected":false},"author":1,"featured_media":0,"parent":13,"menu_order":10,"comment_status":"open","ping_status":"open","template":"","meta":{"footnotes":""},"class_list":["post-15","page","type-page","status-publish","hentry"],"_links":{"self":[{"href":"http:\/\/teccoffee.com.br\/portal\/wp-json\/wp\/v2\/pages\/15","targetHints":{"allow":["GET"]}}],"collection":[{"href":"http:\/\/teccoffee.com.br\/portal\/wp-json\/wp\/v2\/pages"}],"about":[{"href":"http:\/\/teccoffee.com.br\/portal\/wp-json\/wp\/v2\/types\/page"}],"author":[{"embeddable":true,"href":"http:\/\/teccoffee.com.br\/portal\/wp-json\/wp\/v2\/users\/1"}],"replies":[{"embeddable":true,"href":"http:\/\/teccoffee.com.br\/portal\/wp-json\/wp\/v2\/comments?post=15"}],"version-history":[{"count":6,"href":"http:\/\/teccoffee.com.br\/portal\/wp-json\/wp\/v2\/pages\/15\/revisions"}],"predecessor-version":[{"id":274,"href":"http:\/\/teccoffee.com.br\/portal\/wp-json\/wp\/v2\/pages\/15\/revisions\/274"}],"up":[{"embeddable":true,"href":"http:\/\/teccoffee.com.br\/portal\/wp-json\/wp\/v2\/pages\/13"}],"wp:attachment":[{"href":"http:\/\/teccoffee.com.br\/portal\/wp-json\/wp\/v2\/media?parent=15"}],"curies":[{"name":"wp","href":"https:\/\/api.w.org\/{rel}","templated":true}]}}