{"id":10,"date":"2015-09-12T21:15:26","date_gmt":"2015-09-12T21:15:26","guid":{"rendered":"http:\/\/teccoffee.com.br\/portal\/?page_id=10"},"modified":"2022-09-16T22:15:35","modified_gmt":"2022-09-16T22:15:35","slug":"vendas-e-locacoes","status":"publish","type":"page","link":"http:\/\/teccoffee.com.br\/portal\/vendas-e-locacoes\/","title":{"rendered":"Vendas e Loca\u00e7\u00e3o"},"content":{"rendered":"<table border=\"0\" width=\"100%\">\n<tbody>\n<tr valign=\"middle\">\n<td width=\"220\">\n<h4>\u00a0<span style=\"color: #e64929;\">\u00a0 \u00a0 \u00a0 \u00a0 ESPRESSO <\/span><\/h4>\n<h4><span style=\"color: #e64929;\">\u00a0 \u00a0 \u00a0 \u00a0 VIENA PLUS<\/span><\/h4>\n<p>&nbsp;<\/p>\n<p><img loading=\"lazy\" decoding=\"async\" class=\"alignnone wp-image-149 \" src=\"http:\/\/teccoffee.com.br\/portal\/wp-content\/uploads\/2015\/09\/Espresso-Viena-Plus.jpg\" alt=\"Espresso Viena Plus\" width=\"160\" height=\"263\" \/><\/td>\n<td>Saboreie um delicioso caf\u00e9 espresso ou crie uma infinidade de bebidas quentes a qualquer hora do dia. Com a cafeteira Saeco Vienna Plus sua experi\u00eancia com espressos e bebidas quentes ser\u00e1 ainda mais agrad\u00e1vel. Al\u00e9m do vaporizador cl\u00e1ssico de leite, que permite o preparo de cappuccinos e macchiatos, a cafeteira tamb\u00e9m fornece \u00e1gua quente para o preparo de ch\u00e1s, possui regulagem de altura da sa\u00edda do seu caf\u00e9 conforme o tamanho da sua x\u00edcara ou copo, facilidade para limpeza da m\u00e1quina, moedor ajust\u00e1vel e fun\u00e7\u00e3o aroma, garantindo uma experi\u00eancia ainda mais prazerosa com o seu espresso.<\/td>\n<\/tr>\n<\/tbody>\n<\/table>\n<hr \/>\n<p>&nbsp;<\/p>\n<table border=\"0\" width=\"100%\">\n<tbody>\n<tr valign=\"middle\">\n<td width=\"220\">\n<h4>\u00a0 \u00a0 \u00a0 \u00a0 \u00a0 \u00a0 \u00a0<span style=\"color: #e64929;\">LIRIKA PLUS<\/span><\/h4>\n<h4><span style=\"color: #e64929;\">\u00a0 \u00a0 \u00a0 \u00a0 \u00a0 \u00a0 \u00a0 \u00a0SAECO<\/span><\/h4>\n<p><img loading=\"lazy\" decoding=\"async\" class=\"alignnone wp-image-152 size-full\" src=\"http:\/\/teccoffee.com.br\/portal\/wp-content\/uploads\/2015\/09\/Lirika-Plus-super-automaticas.png.jpg\" alt=\"Lirika Plus super automaticas.png\" width=\"224\" height=\"224\" srcset=\"http:\/\/teccoffee.com.br\/portal\/wp-content\/uploads\/2015\/09\/Lirika-Plus-super-automaticas.png.jpg 224w, http:\/\/teccoffee.com.br\/portal\/wp-content\/uploads\/2015\/09\/Lirika-Plus-super-automaticas.png-150x150.jpg 150w\" sizes=\"auto, (max-width: 224px) 100vw, 224px\" \/><\/p>\n<p>&nbsp;<\/p>\n<p>&nbsp;<\/td>\n<td>A Saeco Lirika Plus \u00e9 uma cafeteira extremamente simples, compacta e com grande desempenho. Possui um painel digital bastante intuitivo, cujas informa\u00e7\u00f5es de utiliza\u00e7\u00e3o s\u00e3o indicadas atrav\u00e9s de \u00edcones coloridos e mensagens de textos que facilitam sua operacionaliza\u00e7\u00e3o. Disp\u00f5e de sele\u00e7\u00e3o para caf\u00e9 espresso curto, caf\u00e9 espresso longo, \u00e1gua quente e vapor. Al\u00e9m do caf\u00e9 espresso, tamb\u00e9m possibilita o preparo de cappuccinos, mocchiatos, ch\u00e1s, entre outros produtos sol\u00faveis. Por fim, a cafeteira Saeco Lirika Plus disponibiliza 5 n\u00edveis de moagem do caf\u00e9 que se adaptam aos diferentes tipos de gr\u00e3os de caf\u00e9 e permite que o consumidor defina a quantidade de p\u00f3 que ser\u00e1 utilizada em cada espresso.<\/td>\n<\/tr>\n<\/tbody>\n<\/table>\n<hr \/>\n<p>&nbsp;<\/p>\n<table border=\"0\" width=\"100%\">\n<tbody>\n<tr valign=\"middle\">\n<td width=\"220\">\n<h4>\u00a0 \u00a0 \u00a0 \u00a0 \u00a0 \u00a0 \u00a0 <span style=\"color: #e64929;\">XSMALL<\/span><\/h4>\n<h4><span style=\"color: #e64929;\">\u00a0 \u00a0 \u00a0 \u00a0 \u00a0 \u00a0 \u00a0 SAECO<\/span><\/h4>\n<p><img loading=\"lazy\" decoding=\"async\" class=\"alignnone wp-image-221 \" src=\"http:\/\/teccoffee.com.br\/portal\/wp-content\/uploads\/2015\/09\/XSmall-saeco-auper-automaticas.jpg\" alt=\"\" width=\"202\" height=\"202\" srcset=\"http:\/\/teccoffee.com.br\/portal\/wp-content\/uploads\/2015\/09\/XSmall-saeco-auper-automaticas.jpg 225w, http:\/\/teccoffee.com.br\/portal\/wp-content\/uploads\/2015\/09\/XSmall-saeco-auper-automaticas-150x150.jpg 150w\" sizes=\"auto, (max-width: 202px) 100vw, 202px\" \/><\/p>\n<p>&nbsp;<\/p>\n<p>&nbsp;<\/td>\n<td>A mais compacta da fam\u00edlia de cafeteiras Philips Saeco, a Xsmall \u00e9 indicada para escrit\u00f3rios, pequenas empresas e resid\u00eancias. Possui design arrojado e painel frontal intuitivo, tornando sua utiliza\u00e7\u00e3o simples e eficiente. Al\u00e9m de sua praticidade, a Xsmall tamb\u00e9m \u00e9 bastante econ\u00f4mica, possui moedores ajust\u00e1veis, pe\u00e7as remov\u00edveis que facilitam sua limpeza e conserva\u00e7\u00e3o, aumentando a vida \u00fatil da m\u00e1quina.<\/td>\n<\/tr>\n<\/tbody>\n<\/table>\n<hr \/>\n<p>&nbsp;<\/p>\n<table border=\"0\" width=\"100%\">\n<tbody>\n<tr valign=\"middle\">\n<td width=\"220\">\n<h4>\u00a0 \u00a0 \u00a0 \u00a0 \u00a0 <span style=\"color: #e64929;\">\u00a0SYNTIA<\/span><\/h4>\n<h4><span style=\"color: #e64929;\">\u00a0 \u00a0 \u00a0 \u00a0 \u00a0 \u00a0SAECO<\/span><\/h4>\n<p>&nbsp;<\/p>\n<p><img loading=\"lazy\" decoding=\"async\" class=\"alignnone  wp-image-222\" src=\"http:\/\/teccoffee.com.br\/portal\/wp-content\/uploads\/2015\/09\/Syntia-super-automatica.jpg\" alt=\"Syntia super automatica\" width=\"188\" height=\"188\" srcset=\"http:\/\/teccoffee.com.br\/portal\/wp-content\/uploads\/2015\/09\/Syntia-super-automatica.jpg 224w, http:\/\/teccoffee.com.br\/portal\/wp-content\/uploads\/2015\/09\/Syntia-super-automatica-150x150.jpg 150w\" sizes=\"auto, (max-width: 188px) 100vw, 188px\" \/><\/p>\n<p>&nbsp;<\/p>\n<p>&nbsp;<\/td>\n<td>Compacta e moderna, a cafeteira autom\u00e1tica Saeco Syntia \u00e9 a s\u00edntese ideal entre tamanho compacto, desempenho, design e materiais de alta qualidade. Possui fun\u00e7\u00e3o de integra\u00e7\u00e3o autom\u00e1tica de leite com Easy Refill, possibilitando encher novamente o recipiente de leite mesmo enquanto o vaporizador de leite estiver conectado e funcionando. Possui ainda, acabamento de a\u00e7o inoxid\u00e1vel, moedores 100% em cer\u00e2mica e ajust\u00e1veis, bocal ajust\u00e1vel para copos ou x\u00edcaras e praticidade de limpeza, garantindo maior higiene e conserva\u00e7\u00e3o da cafeteira.<\/td>\n<\/tr>\n<\/tbody>\n<\/table>\n<hr \/>\n<table border=\"0\" width=\"100%\">\n<tbody>\n<tr valign=\"middle\">\n<td width=\"220\">\n<h4>\u00a0 \u00a0 \u00a0 \u00a0 \u00a0 <span style=\"color: #e64929;\">\u00a0 XPRELIA\u00a0<\/span><\/h4>\n<h4><span style=\"color: #e64929;\">\u00a0 \u00a0 \u00a0 \u00a0 \u00a0 \u00a0 SAECO<\/span><\/h4>\n<p><img loading=\"lazy\" decoding=\"async\" class=\"alignnone  wp-image-223\" src=\"http:\/\/teccoffee.com.br\/portal\/wp-content\/uploads\/2015\/09\/XPrelia-super-automaticas.jpg\" alt=\"XPrelia super automaticas\" width=\"236\" height=\"160\" \/><\/p>\n<p>&nbsp;<\/p>\n<p>&nbsp;<\/td>\n<td>A Exprelia est\u00e1 sempre pronta para servir o seu tipo de caf\u00e9 favorito. Com a interface de r\u00e1pida sele\u00e7\u00e3o de bebida, voc\u00ea pode escolher o que quiser ao toque de um simples bot\u00e3o: o caf\u00e9 ser\u00e1 preparado em instantes gra\u00e7as ao dep\u00f3sito de \u00e1gua quente duplo da cafeteira. Al\u00e9m de possuir design de vanguarda com acabamento em a\u00e7o inoxid\u00e1vel, a Exprelia possui moedores 100% em cer\u00e2mica que n\u00e3o deixam seu caf\u00e9 com gosto de queimado, al\u00e9m de serem ajust\u00e1veis, permitindo diferentes n\u00edveis de granulagem para um espresso mais completo.A Saeco Exprelia possui uma inovadora fun\u00e7\u00e3o de mem\u00f3ria para ajustar o comprimento, intensidade e temperatura do caf\u00e9, tornando ainda mais pr\u00e1tico o consumo do espresso de sua forma preferida.<\/td>\n<\/tr>\n<\/tbody>\n<\/table>\n<hr \/>\n<h4><\/h4>\n<table border=\"0\" width=\"100%\">\n<tbody>\n<tr valign=\"middle\">\n<td width=\"220\">\n<h4 style=\"text-align: center;\"><span style=\"color: #ff0000;\">Cristallo 400<\/span><\/h4>\n<h4 style=\"text-align: left;\"><img loading=\"lazy\" decoding=\"async\" class=\" size-medium wp-image-46 alignnone\" src=\"http:\/\/teccoffee.com.br\/portal\/wp-content\/uploads\/2015\/09\/Cristallo-400.jpg-180x300.png\" alt=\"Cristallo 400.jpg\" width=\"180\" height=\"300\" srcset=\"http:\/\/teccoffee.com.br\/portal\/wp-content\/uploads\/2015\/09\/Cristallo-400.jpg-180x300.png 180w, http:\/\/teccoffee.com.br\/portal\/wp-content\/uploads\/2015\/09\/Cristallo-400.jpg.png 376w\" sizes=\"auto, (max-width: 180px) 100vw, 180px\" \/><\/h4>\n<p><img loading=\"lazy\" decoding=\"async\" class=\"  wp-image-48 alignnone\" src=\"http:\/\/teccoffee.com.br\/portal\/wp-content\/uploads\/2015\/09\/Saeco.jpg\" alt=\"Saeco\" width=\"169\" height=\"60\" \/><\/td>\n<td>Cristallo 400 \u00e9 um distribuidor autom\u00e1tico de bebidas quentes de alta performance. Serve at\u00e9 12 op\u00e7\u00f5es de bebidas quentes, caf\u00e9s espresso, capuccinos, chocolates, ch\u00e1s e inclusive sopas.Distribui copos, mexedores e a\u00e7\u00facar. Tecnologicamente avan\u00e7ado e extremamente funcional, foi criada para reduzir o n\u00famero de interven\u00e7\u00f5es de abastecimento e de chamadas t\u00e9cnicas, garantindo alta disponibilidade, performance e qualidade de bebidas<br \/>\nFunciona com sistema de pagamento parcial ou total.<br \/>\nEx: Pode ser oferecido o caf\u00e9 gratuitamente e cobrar pelas demais bebidas.<br \/>\nObs:\u00a0 Conectada diretamente na rede hidr\u00e1ulica.<\/td>\n<\/tr>\n<\/tbody>\n<\/table>\n<h4><\/h4>\n<hr \/>\n<h4>\u00a0\u00a0 \u00a0\u00a0<span style=\"color: #e64929;\">\u00a0 \u00a0 \u00a0 \u00a0 \u00a0<\/span><\/h4>\n<table border=\"0\" width=\"100%\">\n<tbody>\n<tr>\n<td width=\"220\">\n<h4 style=\"text-align: center;\"><span style=\"color: #ff0000;\">Rubino 200<\/span><\/h4>\n<h4 style=\"text-align: left;\"><img loading=\"lazy\" decoding=\"async\" class=\"  wp-image-56 alignnone\" src=\"http:\/\/teccoffee.com.br\/portal\/wp-content\/uploads\/2015\/09\/Rubino-200.jpg\" alt=\"Rubino 200\" width=\"213\" height=\"380\" srcset=\"http:\/\/teccoffee.com.br\/portal\/wp-content\/uploads\/2015\/09\/Rubino-200.jpg 309w, http:\/\/teccoffee.com.br\/portal\/wp-content\/uploads\/2015\/09\/Rubino-200-168x300.jpg 168w\" sizes=\"auto, (max-width: 213px) 100vw, 213px\" \/><\/h4>\n<p><img loading=\"lazy\" decoding=\"async\" class=\"  wp-image-48 aligncenter\" src=\"http:\/\/teccoffee.com.br\/portal\/wp-content\/uploads\/2015\/09\/Saeco.jpg\" alt=\"Saeco\" width=\"169\" height=\"60\" \/><\/td>\n<td>\u00a0M\u00e1quina de auto-atendimento, serve at\u00e9 8 op\u00e7\u00f5es de bebidas quentes, totalmente autom\u00e1tica distribui copos, mexedores e a\u00e7\u00facar.<br \/>\nFunciona com sistema de pagamento parcial ou total.<br \/>\nEx: Pode ser oferecido o caf\u00e9 gratuitamente e cobrar pelas demais bebidas.<br \/>\nObs:\u00a0 Conectada diretamente na rede hidr\u00e1ulica<\/td>\n<\/tr>\n<\/tbody>\n<\/table>\n<hr \/>\n<table border=\"0\" width=\"100%\">\n<tbody>\n<tr>\n<td width=\"220\">\n<h4 style=\"text-align: center;\">\u00a0<span style=\"color: #ff0000;\">Phedra<\/span><\/h4>\n<h4 style=\"text-align: left;\"><img loading=\"lazy\" decoding=\"async\" class=\"alignnone  wp-image-74\" src=\"http:\/\/teccoffee.com.br\/portal\/wp-content\/uploads\/2015\/09\/cafeteira-expresso-automatica-phedra-saeco-certa.jpg\" alt=\"cafeteira-expresso-automatica-phedra-saeco certa\" width=\"229\" height=\"306\" srcset=\"http:\/\/teccoffee.com.br\/portal\/wp-content\/uploads\/2015\/09\/cafeteira-expresso-automatica-phedra-saeco-certa.jpg 326w, http:\/\/teccoffee.com.br\/portal\/wp-content\/uploads\/2015\/09\/cafeteira-expresso-automatica-phedra-saeco-certa-225x300.jpg 225w\" sizes=\"auto, (max-width: 229px) 100vw, 229px\" \/><\/h4>\n<p>&nbsp;<\/p>\n<p><img loading=\"lazy\" decoding=\"async\" class=\"  wp-image-48 aligncenter\" src=\"http:\/\/teccoffee.com.br\/portal\/wp-content\/uploads\/2015\/09\/Saeco.jpg\" alt=\"Saeco\" width=\"169\" height=\"60\" \/><\/td>\n<td>\u00c9 uma m\u00e1quina de auto-atendimento, oferece op\u00e7\u00e3o de 8 bebidas quentes: caf\u00e9 espresso curto e longo, caf\u00e9 com leite, Leite, chocolate, cappuccino, capichoc, ch\u00e1. Funciona com sistema de pagamento total ou parcial, permitindo assim que seja oferecida uma bebida gratuitamente e as demais tarifadas. Tem grupo de f\u00e1cil remo\u00e7\u00e3o para limpeza e manuten\u00e7\u00e3o. Pode ser instalada diretamente na rede hidr\u00e1ulica ou utilizando-se de gal\u00f5es de \u00e1gua mineral.<\/td>\n<\/tr>\n<\/tbody>\n<\/table>\n<hr \/>\n<table border=\"0\" width=\"100%\">\n<tbody>\n<tr>\n<td width=\"220\">\n<h4 style=\"text-align: center;\"><span style=\"color: #e64929;\">Royal Office<\/span><\/h4>\n<h4 style=\"text-align: left;\">\u00a0<img loading=\"lazy\" decoding=\"async\" class=\"alignnone  wp-image-217\" src=\"http:\/\/teccoffee.com.br\/portal\/wp-content\/uploads\/2015\/09\/Royal-Office-maquinas-automaticas-300x300.jpg\" alt=\"Royal Office maquinas automaticas\" width=\"249\" height=\"249\" srcset=\"http:\/\/teccoffee.com.br\/portal\/wp-content\/uploads\/2015\/09\/Royal-Office-maquinas-automaticas-300x300.jpg 300w, http:\/\/teccoffee.com.br\/portal\/wp-content\/uploads\/2015\/09\/Royal-Office-maquinas-automaticas-150x150.jpg 150w, http:\/\/teccoffee.com.br\/portal\/wp-content\/uploads\/2015\/09\/Royal-Office-maquinas-automaticas.jpg 372w\" sizes=\"auto, (max-width: 249px) 100vw, 249px\" \/><\/h4>\n<p><img loading=\"lazy\" decoding=\"async\" class=\"  wp-image-48 aligncenter\" src=\"http:\/\/teccoffee.com.br\/portal\/wp-content\/uploads\/2015\/09\/Saeco.jpg\" alt=\"Saeco\" width=\"169\" height=\"60\" \/><\/td>\n<td>\u00c9 uma m\u00e1quina perfeita para escrit\u00f3rios pela sua praticidade. Todo o aroma e sabor do verdadeiro caf\u00e9 espresso, proporcionando ao apreciador saborear o caf\u00e9 puro ou com a\u00e7\u00facar. Com o reservat\u00f3rio de \u00e1gua e caf\u00e9 tamanho fam\u00edlia com seis litros (\u00e1gua) e (um Kg) caf\u00e9 em gr\u00e3o. Possui uma sa\u00edda de caf\u00e9 e outra de \u00e1gua quente para o uso de cappuccinos, ch\u00e1s, chocolate quente em saches entre outros.<\/td>\n<\/tr>\n<\/tbody>\n<\/table>\n<p>&nbsp;<\/p>\n<p>&nbsp;<\/p>\n<p>&nbsp;<\/p>\n","protected":false},"excerpt":{"rendered":"<p>\u00a0\u00a0 \u00a0 \u00a0 \u00a0 ESPRESSO \u00a0 \u00a0 \u00a0 \u00a0 VIENA PLUS &nbsp; Saboreie um delicioso caf\u00e9 espresso ou crie uma infinidade de bebidas quentes a qualquer hora do dia. Com a cafeteira Saeco Vienna Plus sua experi\u00eancia com espressos e bebidas quentes ser\u00e1 ainda mais agrad\u00e1vel. Al\u00e9m do vaporizador cl\u00e1ssico de leite, que permite o [&hellip;]<\/p>\n","protected":false},"author":1,"featured_media":0,"parent":0,"menu_order":20,"comment_status":"open","ping_status":"open","template":"","meta":{"footnotes":""},"class_list":["post-10","page","type-page","status-publish","hentry"],"_links":{"self":[{"href":"http:\/\/teccoffee.com.br\/portal\/wp-json\/wp\/v2\/pages\/10","targetHints":{"allow":["GET"]}}],"collection":[{"href":"http:\/\/teccoffee.com.br\/portal\/wp-json\/wp\/v2\/pages"}],"about":[{"href":"http:\/\/teccoffee.com.br\/portal\/wp-json\/wp\/v2\/types\/page"}],"author":[{"embeddable":true,"href":"http:\/\/teccoffee.com.br\/portal\/wp-json\/wp\/v2\/users\/1"}],"replies":[{"embeddable":true,"href":"http:\/\/teccoffee.com.br\/portal\/wp-json\/wp\/v2\/comments?post=10"}],"version-history":[{"count":8,"href":"http:\/\/teccoffee.com.br\/portal\/wp-json\/wp\/v2\/pages\/10\/revisions"}],"predecessor-version":[{"id":258,"href":"http:\/\/teccoffee.com.br\/portal\/wp-json\/wp\/v2\/pages\/10\/revisions\/258"}],"wp:attachment":[{"href":"http:\/\/teccoffee.com.br\/portal\/wp-json\/wp\/v2\/media?parent=10"}],"curies":[{"name":"wp","href":"https:\/\/api.w.org\/{rel}","templated":true}]}}